{"id":2721,"date":"2025-05-29T22:42:02","date_gmt":"2025-05-30T01:42:02","guid":{"rendered":"https:\/\/lep-ufpe.com.br\/sopapo\/?page_id=2721"},"modified":"2025-05-29T22:44:12","modified_gmt":"2025-05-30T01:44:12","slug":"iii-coloquio-internacional-sobre-sociedade-espaco-e-politica","status":"publish","type":"page","link":"https:\/\/lep-ufpe.com.br\/sopapo\/","title":{"rendered":"III Col\u00f3quio Internacional sobre Sociedade Espa\u00e7o e Pol\u00edtica"},"content":{"rendered":"\t\t<div data-elementor-type=\"wp-page\" data-elementor-id=\"2721\" class=\"elementor elementor-2721\" data-elementor-post-type=\"page\">\n\t\t\t\t\t\t<section class=\"elementor-section elementor-top-section elementor-element elementor-element-e40de3d elementor-section-full_width elementor-section-height-default elementor-section-height-default\" data-id=\"e40de3d\" data-element_type=\"section\">\n\t\t\t\t\t\t<div class=\"elementor-container elementor-column-gap-no\">\n\t\t\t\t\t<div class=\"elementor-column elementor-col-100 elementor-top-column elementor-element elementor-element-95eb9a3\" data-id=\"95eb9a3\" data-element_type=\"column\">\n\t\t\t<div class=\"elementor-widget-wrap elementor-element-populated\">\n\t\t\t\t\t\t<section class=\"elementor-section elementor-inner-section elementor-element elementor-element-20b81db elementor-section-boxed elementor-section-height-default elementor-section-height-default\" data-id=\"20b81db\" data-element_type=\"section\">\n\t\t\t\t\t\t<div class=\"elementor-container elementor-column-gap-no\">\n\t\t\t\t\t<div class=\"elementor-column elementor-col-100 elementor-inner-column elementor-element elementor-element-06db22b\" data-id=\"06db22b\" data-element_type=\"column\">\n\t\t\t<div class=\"elementor-widget-wrap elementor-element-populated\">\n\t\t\t\t\t\t<div class=\"elementor-element elementor-element-b6bacb3 elementor-widget elementor-widget-image\" data-id=\"b6bacb3\" data-element_type=\"widget\" data-widget_type=\"image.default\">\n\t\t\t\t<div class=\"elementor-widget-container\">\n\t\t\t\t\t\t\t\t\t\t\t\t\t\t<a href=\"https:\/\/www.even3.com.br\/iii-sopapo\/\">\n\t\t\t\t\t\t\t<img fetchpriority=\"high\" decoding=\"async\" width=\"1280\" height=\"853\" src=\"https:\/\/lep-ufpe.com.br\/sopapo\/wp-content\/uploads\/2025\/05\/card-pagina-temporaria.jpg\" class=\"attachment-full size-full wp-image-2717\" alt=\"\" srcset=\"https:\/\/lep-ufpe.com.br\/sopapo\/wp-content\/uploads\/2025\/05\/card-pagina-temporaria.jpg 1280w, https:\/\/lep-ufpe.com.br\/sopapo\/wp-content\/uploads\/2025\/05\/card-pagina-temporaria-300x200.jpg 300w, https:\/\/lep-ufpe.com.br\/sopapo\/wp-content\/uploads\/2025\/05\/card-pagina-temporaria-1024x682.jpg 1024w, https:\/\/lep-ufpe.com.br\/sopapo\/wp-content\/uploads\/2025\/05\/card-pagina-temporaria-768x512.jpg 768w\" sizes=\"(max-width: 1280px) 100vw, 1280px\" \/>\t\t\t\t\t\t\t\t<\/a>\n\t\t\t\t\t\t\t\t\t\t\t\t\t<\/div>\n\t\t\t\t<\/div>\n\t\t\t\t\t<\/div>\n\t\t<\/div>\n\t\t\t\t\t<\/div>\n\t\t<\/section>\n\t\t\t\t\t<\/div>\n\t\t<\/div>\n\t\t\t\t\t<\/div>\n\t\t<\/section>\n\t\t\t\t<section class=\"elementor-section elementor-top-section elementor-element elementor-element-6a6d643 elementor-section-full_width elementor-section-height-default elementor-section-height-default\" data-id=\"6a6d643\" data-element_type=\"section\">\n\t\t\t\t\t\t<div class=\"elementor-container elementor-column-gap-no\">\n\t\t\t\t\t<div class=\"elementor-column elementor-col-100 elementor-top-column elementor-element elementor-element-0fbbf1a\" data-id=\"0fbbf1a\" data-element_type=\"column\">\n\t\t\t<div class=\"elementor-widget-wrap elementor-element-populated\">\n\t\t\t\t\t\t<section class=\"elementor-section elementor-inner-section elementor-element elementor-element-bec6d5b elementor-section-boxed elementor-section-height-default elementor-section-height-default\" data-id=\"bec6d5b\" data-element_type=\"section\">\n\t\t\t\t\t\t<div class=\"elementor-container elementor-column-gap-no\">\n\t\t\t\t\t<div class=\"elementor-column elementor-col-50 elementor-inner-column elementor-element elementor-element-1d2c755\" data-id=\"1d2c755\" data-element_type=\"column\">\n\t\t\t<div class=\"elementor-widget-wrap elementor-element-populated\">\n\t\t\t\t\t\t<div class=\"elementor-element elementor-element-d96e594 elementor-widget elementor-widget-heading\" data-id=\"d96e594\" data-element_type=\"widget\" data-widget_type=\"heading.default\">\n\t\t\t\t<div class=\"elementor-widget-container\">\n\t\t\t<h2 class=\"elementor-heading-title elementor-size-default\">COMISS\u00c3O T\u00c9CNICA<\/h2>\t\t<\/div>\n\t\t\t\t<\/div>\n\t\t\t\t\t<\/div>\n\t\t<\/div>\n\t\t\t\t<div class=\"elementor-column elementor-col-50 elementor-inner-column elementor-element elementor-element-6431c38\" data-id=\"6431c38\" data-element_type=\"column\">\n\t\t\t<div class=\"elementor-widget-wrap\">\n\t\t\t\t\t\t\t<\/div>\n\t\t<\/div>\n\t\t\t\t\t<\/div>\n\t\t<\/section>\n\t\t\t\t<section class=\"elementor-section elementor-inner-section elementor-element elementor-element-e1518b0 elementor-section-boxed elementor-section-height-default elementor-section-height-default\" data-id=\"e1518b0\" data-element_type=\"section\">\n\t\t\t\t\t\t<div class=\"elementor-container elementor-column-gap-no\">\n\t\t\t\t\t<div class=\"elementor-column elementor-col-50 elementor-inner-column elementor-element elementor-element-024b4ea\" data-id=\"024b4ea\" data-element_type=\"column\">\n\t\t\t<div class=\"elementor-widget-wrap elementor-element-populated\">\n\t\t\t\t\t\t<div class=\"elementor-element elementor-element-484589b elementor-widget elementor-widget-text-editor\" data-id=\"484589b\" data-element_type=\"widget\" data-widget_type=\"text-editor.default\">\n\t\t\t\t<div class=\"elementor-widget-container\">\n\t\t\t\t\t\t\t<p style=\"text-align: justify;\">Aleksander Aguilar Antunes (UFPE-UCR) <br \/>Ana Pontes (UFRPE) <br \/>Ana Maria Morales Troya (Universidad Nacional de San Mart\u00edn &#8211; Equador) <br \/>Ana Patr\u00edcia Maldonado (Universidade de Harvard)<br \/>Aura Gonzalez Serna (Pontificia Universidad Bolivariana de Medellin)<br \/>Cl\u00e1udio Jorge Moura de Castilho (UFPE) <br \/>Cristina Pereira de Araujo (UFPE) <br \/>Eduardo Oliveira (UFPE) <br \/>Edvania Torres (UFPE) <br \/>Everaldo Costa (UnB) <br \/>Fatima Lucena (UFPE)<br \/>F\u00e1tima Cruz (UFPE) <br \/>Felipe Milanez Pereira (UFBA) <br \/>Harley Silva (UFPA) <br \/>Isabella Gon\u00e7alves (UFMG) <br \/>Isadora Guerreiro ( FAUUSP) <br \/>Izabella Galera (UFPE)<br \/>Janssen Felipe da Silva (UFPE) <br \/>Joanildo Burity (FUNDAJ, PPGS\/UFPE) <br \/>Jos\u00e9 Policarpo Junior (UFPE) <\/p>\t\t\t\t\t\t<\/div>\n\t\t\t\t<\/div>\n\t\t\t\t\t<\/div>\n\t\t<\/div>\n\t\t\t\t<div class=\"elementor-column elementor-col-50 elementor-inner-column elementor-element elementor-element-ede6eb2\" data-id=\"ede6eb2\" data-element_type=\"column\">\n\t\t\t<div class=\"elementor-widget-wrap elementor-element-populated\">\n\t\t\t\t\t\t<div class=\"elementor-element elementor-element-6fd1436 elementor-widget elementor-widget-text-editor\" data-id=\"6fd1436\" data-element_type=\"widget\" data-widget_type=\"text-editor.default\">\n\t\t\t\t<div class=\"elementor-widget-container\">\n\t\t\t\t\t\t\t<p>Jos\u00e9 Luiz Quadros (UFMG) <br \/>Juliana Marc\u00fas (UBA) <br \/>Karina Leit\u00e3o (USP &#8211; LabHab) <br \/>Leo Name (UFBA) <br \/>Luciano Muniz Abreu (UFRRJ) <br \/>Marcos Costa Lima (UFPE) <br \/>Maria Eduarda Rocha (UFPE) <br \/>Monica Louise Sarabia (UFPE) <br \/>Norma Lacerda (UFPE) <br \/>Otavio Santos (UFRPE) <br \/>Pedro N\u00f3brega (UNIVASF) <br \/>Pedro Nunes (UFPB) <br \/>Raquel Garcia Gon\u00e7alves (UFMG) <br \/>Renato Emerson (IPPUR\/RJ) <br \/>Rodrigo Farias (UnB) <br \/>Sergio Amadeo da Silveira (UFABC) <br \/>Yvanna Fachin (UFPE)<\/p>\t\t\t\t\t\t<\/div>\n\t\t\t\t<\/div>\n\t\t\t\t\t<\/div>\n\t\t<\/div>\n\t\t\t\t\t<\/div>\n\t\t<\/section>\n\t\t\t\t\t<\/div>\n\t\t<\/div>\n\t\t\t\t\t<\/div>\n\t\t<\/section>\n\t\t\t\t<section class=\"elementor-section elementor-top-section elementor-element elementor-element-80d8af2 elementor-section-full_width elementor-section-height-default elementor-section-height-default\" data-id=\"80d8af2\" data-element_type=\"section\">\n\t\t\t\t\t\t<div class=\"elementor-container elementor-column-gap-no\">\n\t\t\t\t\t<div class=\"elementor-column elementor-col-100 elementor-top-column elementor-element elementor-element-19a09b4\" data-id=\"19a09b4\" data-element_type=\"column\">\n\t\t\t<div class=\"elementor-widget-wrap elementor-element-populated\">\n\t\t\t\t\t\t<section class=\"elementor-section elementor-inner-section elementor-element elementor-element-37d50b5 elementor-section-boxed elementor-section-height-default elementor-section-height-default\" data-id=\"37d50b5\" data-element_type=\"section\">\n\t\t\t\t\t\t<div class=\"elementor-container elementor-column-gap-no\">\n\t\t\t\t\t<div class=\"elementor-column elementor-col-100 elementor-inner-column elementor-element elementor-element-f55995b\" data-id=\"f55995b\" data-element_type=\"column\">\n\t\t\t<div class=\"elementor-widget-wrap elementor-element-populated\">\n\t\t\t\t\t\t<div class=\"elementor-element elementor-element-db5b083 elementor-widget elementor-widget-image\" data-id=\"db5b083\" data-element_type=\"widget\" data-widget_type=\"image.default\">\n\t\t\t\t<div class=\"elementor-widget-container\">\n\t\t\t\t\t\t\t\t\t\t\t\t\t<img decoding=\"async\" width=\"1087\" height=\"50\" src=\"https:\/\/lep-ufpe.com.br\/sopapo\/wp-content\/uploads\/2021\/03\/Grupo-3.png\" class=\"attachment-full size-full wp-image-92\" alt=\"\" srcset=\"https:\/\/lep-ufpe.com.br\/sopapo\/wp-content\/uploads\/2021\/03\/Grupo-3.png 1087w, https:\/\/lep-ufpe.com.br\/sopapo\/wp-content\/uploads\/2021\/03\/Grupo-3-300x14.png 300w, https:\/\/lep-ufpe.com.br\/sopapo\/wp-content\/uploads\/2021\/03\/Grupo-3-1024x47.png 1024w, https:\/\/lep-ufpe.com.br\/sopapo\/wp-content\/uploads\/2021\/03\/Grupo-3-768x35.png 768w\" sizes=\"(max-width: 1087px) 100vw, 1087px\" \/>\t\t\t\t\t\t\t\t\t\t\t\t\t<\/div>\n\t\t\t\t<\/div>\n\t\t\t\t<div class=\"elementor-element elementor-element-252a221 elementor-widget elementor-widget-heading\" data-id=\"252a221\" data-element_type=\"widget\" data-widget_type=\"heading.default\">\n\t\t\t\t<div class=\"elementor-widget-container\">\n\t\t\t<h2 class=\"elementor-heading-title elementor-size-default\">CONCURSO DE FOTOGRAFIA<\/h2>\t\t<\/div>\n\t\t\t\t<\/div>\n\t\t\t\t\t<\/div>\n\t\t<\/div>\n\t\t\t\t\t<\/div>\n\t\t<\/section>\n\t\t\t\t<section class=\"elementor-section elementor-inner-section elementor-element elementor-element-4273031 elementor-section-boxed elementor-section-height-default elementor-section-height-default\" data-id=\"4273031\" data-element_type=\"section\">\n\t\t\t\t\t\t<div class=\"elementor-container elementor-column-gap-no\">\n\t\t\t\t\t<div class=\"elementor-column elementor-col-100 elementor-inner-column elementor-element elementor-element-ef8e273\" data-id=\"ef8e273\" data-element_type=\"column\">\n\t\t\t<div class=\"elementor-widget-wrap elementor-element-populated\">\n\t\t\t\t\t\t<div class=\"elementor-element elementor-element-55144b5 elementor-widget elementor-widget-text-editor\" data-id=\"55144b5\" data-element_type=\"widget\" data-widget_type=\"text-editor.default\">\n\t\t\t\t<div class=\"elementor-widget-container\">\n\t\t\t\t\t\t\t<p>Repetindo a ampla receptividade ocorrida no I SOPAPO, nesta edi\u00e7\u00e3o estamos trazendo novamente o nosso Concurso de Fotografia. A ideia \u00e9 contemplar o p\u00fablico geral, n\u00e3o somente fot\u00f3grafos profissionais. S\u00e3o bem-vindas imagens autorais relacionadas com a tem\u00e1tica do Col\u00f3quio.<\/p>\t\t\t\t\t\t<\/div>\n\t\t\t\t<\/div>\n\t\t\t\t\t<\/div>\n\t\t<\/div>\n\t\t\t\t\t<\/div>\n\t\t<\/section>\n\t\t\t\t<section class=\"elementor-section elementor-inner-section elementor-element elementor-element-2e97f42 elementor-section-boxed elementor-section-height-default elementor-section-height-default\" data-id=\"2e97f42\" data-element_type=\"section\">\n\t\t\t\t\t\t<div class=\"elementor-container elementor-column-gap-default\">\n\t\t\t\t\t<div class=\"elementor-column elementor-col-50 elementor-inner-column elementor-element elementor-element-26a3879\" data-id=\"26a3879\" data-element_type=\"column\">\n\t\t\t<div class=\"elementor-widget-wrap elementor-element-populated\">\n\t\t\t\t\t\t<div class=\"elementor-element elementor-element-1a112ec elementor-align-right elementor-mobile-align-center elementor-widget elementor-widget-button\" data-id=\"1a112ec\" data-element_type=\"widget\" data-widget_type=\"button.default\">\n\t\t\t\t<div class=\"elementor-widget-container\">\n\t\t\t\t\t<div class=\"elementor-button-wrapper\">\n\t\t\t<a class=\"elementor-button elementor-button-link elementor-size-sm\" href=\"https:\/\/docs.google.com\/forms\/d\/1MwTduVv9j0QZeZiny1JiWOgpcg9fvj5kkJdKCkpLDkQ\/edit\" target=\"_blank\" rel=\"nofollow\">\n\t\t\t\t\t\t<span class=\"elementor-button-content-wrapper\">\n\t\t\t\t\t\t<span class=\"elementor-button-icon elementor-align-icon-right\">\n\t\t\t\t<i aria-hidden=\"true\" class=\"fas fa-location-arrow\"><\/i>\t\t\t<\/span>\n\t\t\t\t\t\t<span class=\"elementor-button-text\">SUBMISS\u00d5ES<\/span>\n\t\t<\/span>\n\t\t\t\t\t<\/a>\n\t\t<\/div>\n\t\t\t\t<\/div>\n\t\t\t\t<\/div>\n\t\t\t\t\t<\/div>\n\t\t<\/div>\n\t\t\t\t<div class=\"elementor-column elementor-col-50 elementor-inner-column elementor-element elementor-element-3d1575c\" data-id=\"3d1575c\" data-element_type=\"column\">\n\t\t\t<div class=\"elementor-widget-wrap elementor-element-populated\">\n\t\t\t\t\t\t<div class=\"elementor-element elementor-element-4d823c7 elementor-align-right elementor-mobile-align-center elementor-widget__width-initial elementor-widget elementor-widget-button\" data-id=\"4d823c7\" data-element_type=\"widget\" data-widget_type=\"button.default\">\n\t\t\t\t<div class=\"elementor-widget-container\">\n\t\t\t\t\t<div class=\"elementor-button-wrapper\">\n\t\t\t<a class=\"elementor-button elementor-button-link elementor-size-sm\" href=\"https:\/\/lep-ufpe.com.br\/sopapo\/wp-content\/uploads\/2023\/08\/II-SOPAPO_template_concurso_fotografia_23_agosto.pdf\">\n\t\t\t\t\t\t<span class=\"elementor-button-content-wrapper\">\n\t\t\t\t\t\t<span class=\"elementor-button-icon elementor-align-icon-right\">\n\t\t\t\t<i aria-hidden=\"true\" class=\"fas fa-download\"><\/i>\t\t\t<\/span>\n\t\t\t\t\t\t<span class=\"elementor-button-text\">ACESSE O TEMPLATE AQUI<\/span>\n\t\t<\/span>\n\t\t\t\t\t<\/a>\n\t\t<\/div>\n\t\t\t\t<\/div>\n\t\t\t\t<\/div>\n\t\t\t\t\t<\/div>\n\t\t<\/div>\n\t\t\t\t\t<\/div>\n\t\t<\/section>\n\t\t\t\t\t<\/div>\n\t\t<\/div>\n\t\t\t\t\t<\/div>\n\t\t<\/section>\n\t\t\t\t<section class=\"elementor-section elementor-top-section elementor-element elementor-element-d731355 elementor-section-full_width elementor-section-height-default elementor-section-height-default\" data-id=\"d731355\" data-element_type=\"section\">\n\t\t\t\t\t\t<div class=\"elementor-container elementor-column-gap-no\">\n\t\t\t\t\t<div class=\"elementor-column elementor-col-100 elementor-top-column elementor-element elementor-element-2464bf8\" data-id=\"2464bf8\" data-element_type=\"column\">\n\t\t\t<div class=\"elementor-widget-wrap elementor-element-populated\">\n\t\t\t\t\t\t<section class=\"elementor-section elementor-inner-section elementor-element elementor-element-8c00dcf elementor-section-boxed elementor-section-height-default elementor-section-height-default\" data-id=\"8c00dcf\" data-element_type=\"section\">\n\t\t\t\t\t\t<div class=\"elementor-container elementor-column-gap-no\">\n\t\t\t\t\t<div class=\"elementor-column elementor-col-50 elementor-inner-column elementor-element elementor-element-8188b85\" data-id=\"8188b85\" data-element_type=\"column\">\n\t\t\t<div class=\"elementor-widget-wrap elementor-element-populated\">\n\t\t\t\t\t\t<div class=\"elementor-element elementor-element-d984c91 elementor-widget elementor-widget-heading\" data-id=\"d984c91\" data-element_type=\"widget\" data-widget_type=\"heading.default\">\n\t\t\t\t<div class=\"elementor-widget-container\">\n\t\t\t<h2 class=\"elementor-heading-title elementor-size-default\">SUBMISS\u00c3O DE FOTOGRAFIAS<\/h2>\t\t<\/div>\n\t\t\t\t<\/div>\n\t\t\t\t\t<\/div>\n\t\t<\/div>\n\t\t\t\t<div class=\"elementor-column elementor-col-50 elementor-inner-column elementor-element elementor-element-abd78d4\" data-id=\"abd78d4\" data-element_type=\"column\">\n\t\t\t<div class=\"elementor-widget-wrap\">\n\t\t\t\t\t\t\t<\/div>\n\t\t<\/div>\n\t\t\t\t\t<\/div>\n\t\t<\/section>\n\t\t\t\t\t<\/div>\n\t\t<\/div>\n\t\t\t\t\t<\/div>\n\t\t<\/section>\n\t\t\t\t<section class=\"elementor-section elementor-top-section elementor-element elementor-element-805a3f9 elementor-section-full_width elementor-section-height-default elementor-section-height-default\" data-id=\"805a3f9\" data-element_type=\"section\">\n\t\t\t\t\t\t<div class=\"elementor-container elementor-column-gap-no\">\n\t\t\t\t\t<div class=\"elementor-column elementor-col-100 elementor-top-column elementor-element elementor-element-d20553d\" data-id=\"d20553d\" data-element_type=\"column\">\n\t\t\t<div class=\"elementor-widget-wrap elementor-element-populated\">\n\t\t\t\t\t\t<section class=\"elementor-section elementor-inner-section elementor-element elementor-element-e563256 elementor-section-boxed elementor-section-height-default elementor-section-height-default\" data-id=\"e563256\" data-element_type=\"section\">\n\t\t\t\t\t\t<div class=\"elementor-container elementor-column-gap-no\">\n\t\t\t\t\t<div class=\"elementor-column elementor-col-100 elementor-inner-column elementor-element elementor-element-2768a62\" data-id=\"2768a62\" data-element_type=\"column\">\n\t\t\t<div class=\"elementor-widget-wrap elementor-element-populated\">\n\t\t\t\t\t\t<div class=\"elementor-element elementor-element-fb13d22 elementor-widget elementor-widget-shortcode\" data-id=\"fb13d22\" data-element_type=\"widget\" data-widget_type=\"shortcode.default\">\n\t\t\t\t<div class=\"elementor-widget-container\">\n\t\t\t\t\t<div class=\"elementor-shortcode\">[wpforms id=\"756\" title=\"false\" description=\"false\"]<\/div>\n\t\t\t\t<\/div>\n\t\t\t\t<\/div>\n\t\t\t\t\t<\/div>\n\t\t<\/div>\n\t\t\t\t\t<\/div>\n\t\t<\/section>\n\t\t\t\t\t<\/div>\n\t\t<\/div>\n\t\t\t\t\t<\/div>\n\t\t<\/section>\n\t\t\t\t<section class=\"elementor-section elementor-top-section elementor-element elementor-element-8c95e3d elementor-section-full_width elementor-section-height-default elementor-section-height-default\" data-id=\"8c95e3d\" data-element_type=\"section\">\n\t\t\t\t\t\t<div class=\"elementor-container elementor-column-gap-no\">\n\t\t\t\t\t<div class=\"elementor-column elementor-col-100 elementor-top-column elementor-element elementor-element-4c7fb15\" data-id=\"4c7fb15\" data-element_type=\"column\">\n\t\t\t<div class=\"elementor-widget-wrap elementor-element-populated\">\n\t\t\t\t\t\t<section class=\"elementor-section elementor-inner-section elementor-element elementor-element-a63f68c elementor-section-boxed elementor-section-height-default elementor-section-height-default\" data-id=\"a63f68c\" data-element_type=\"section\">\n\t\t\t\t\t\t<div class=\"elementor-container elementor-column-gap-no\">\n\t\t\t\t\t<div class=\"elementor-column elementor-col-50 elementor-inner-column elementor-element elementor-element-b6e300b\" data-id=\"b6e300b\" data-element_type=\"column\">\n\t\t\t<div class=\"elementor-widget-wrap elementor-element-populated\">\n\t\t\t\t\t\t<div class=\"elementor-element elementor-element-eb0cbbf elementor-widget elementor-widget-heading\" data-id=\"eb0cbbf\" data-element_type=\"widget\" data-widget_type=\"heading.default\">\n\t\t\t\t<div class=\"elementor-widget-container\">\n\t\t\t<h2 class=\"elementor-heading-title elementor-size-default\">INSCRI\u00c7\u00c3O DE PARTICIPA\u00c7\u00c3O COMO OUVINTE<\/h2>\t\t<\/div>\n\t\t\t\t<\/div>\n\t\t\t\t\t<\/div>\n\t\t<\/div>\n\t\t\t\t<div class=\"elementor-column elementor-col-50 elementor-inner-column elementor-element elementor-element-ac5715e\" data-id=\"ac5715e\" data-element_type=\"column\">\n\t\t\t<div class=\"elementor-widget-wrap\">\n\t\t\t\t\t\t\t<\/div>\n\t\t<\/div>\n\t\t\t\t\t<\/div>\n\t\t<\/section>\n\t\t\t\t\t<\/div>\n\t\t<\/div>\n\t\t\t\t\t<\/div>\n\t\t<\/section>\n\t\t\t\t<section class=\"elementor-section elementor-top-section elementor-element elementor-element-fa06cbf elementor-section-full_width elementor-section-height-default elementor-section-height-default\" data-id=\"fa06cbf\" data-element_type=\"section\">\n\t\t\t\t\t\t<div class=\"elementor-container elementor-column-gap-no\">\n\t\t\t\t\t<div class=\"elementor-column elementor-col-100 elementor-top-column elementor-element elementor-element-f1f9489\" data-id=\"f1f9489\" data-element_type=\"column\">\n\t\t\t<div class=\"elementor-widget-wrap elementor-element-populated\">\n\t\t\t\t\t\t<section class=\"elementor-section elementor-inner-section elementor-element elementor-element-02e3021 elementor-section-boxed elementor-section-height-default elementor-section-height-default\" data-id=\"02e3021\" data-element_type=\"section\">\n\t\t\t\t\t\t<div class=\"elementor-container elementor-column-gap-no\">\n\t\t\t\t\t<div class=\"elementor-column elementor-col-100 elementor-inner-column elementor-element elementor-element-80b37ce\" data-id=\"80b37ce\" data-element_type=\"column\">\n\t\t\t<div class=\"elementor-widget-wrap elementor-element-populated\">\n\t\t\t\t\t\t<div class=\"elementor-element elementor-element-b4e9a46 elementor-widget elementor-widget-shortcode\" data-id=\"b4e9a46\" data-element_type=\"widget\" data-widget_type=\"shortcode.default\">\n\t\t\t\t<div class=\"elementor-widget-container\">\n\t\t\t\t\t<div class=\"elementor-shortcode\">[wpforms id=\"924\" title=\"false\" description=\"false\"]<\/div>\n\t\t\t\t<\/div>\n\t\t\t\t<\/div>\n\t\t\t\t\t<\/div>\n\t\t<\/div>\n\t\t\t\t\t<\/div>\n\t\t<\/section>\n\t\t\t\t\t<\/div>\n\t\t<\/div>\n\t\t\t\t\t<\/div>\n\t\t<\/section>\n\t\t\t\t<\/div>\n\t\t","protected":false},"excerpt":{"rendered":"<p>COMISS\u00c3O T\u00c9CNICA Aleksander Aguilar Antunes (UFPE-UCR) Ana Pontes (UFRPE) Ana Maria Morales Troya (Universidad Nacional de San Mart\u00edn &#8211; Equador) Ana Patr\u00edcia Maldonado (Universidade de Harvard)Aura Gonzalez Serna (Pontificia Universidad Bolivariana de Medellin)Cl\u00e1udio Jorge Moura de Castilho (UFPE) Cristina Pereira de Araujo (UFPE) Eduardo Oliveira (UFPE) Edvania Torres (UFPE) Everaldo Costa (UnB) Fatima Lucena (UFPE)F\u00e1tima [&hellip;]<\/p>\n","protected":false},"author":1,"featured_media":0,"parent":0,"menu_order":0,"comment_status":"closed","ping_status":"closed","template":"elementor_canvas","meta":{"footnotes":""},"class_list":["post-2721","page","type-page","status-publish","hentry"],"_links":{"self":[{"href":"https:\/\/lep-ufpe.com.br\/sopapo\/wp-json\/wp\/v2\/pages\/2721","targetHints":{"allow":["GET"]}}],"collection":[{"href":"https:\/\/lep-ufpe.com.br\/sopapo\/wp-json\/wp\/v2\/pages"}],"about":[{"href":"https:\/\/lep-ufpe.com.br\/sopapo\/wp-json\/wp\/v2\/types\/page"}],"author":[{"embeddable":true,"href":"https:\/\/lep-ufpe.com.br\/sopapo\/wp-json\/wp\/v2\/users\/1"}],"replies":[{"embeddable":true,"href":"https:\/\/lep-ufpe.com.br\/sopapo\/wp-json\/wp\/v2\/comments?post=2721"}],"version-history":[{"count":4,"href":"https:\/\/lep-ufpe.com.br\/sopapo\/wp-json\/wp\/v2\/pages\/2721\/revisions"}],"predecessor-version":[{"id":2725,"href":"https:\/\/lep-ufpe.com.br\/sopapo\/wp-json\/wp\/v2\/pages\/2721\/revisions\/2725"}],"wp:attachment":[{"href":"https:\/\/lep-ufpe.com.br\/sopapo\/wp-json\/wp\/v2\/media?parent=2721"}],"curies":[{"name":"wp","href":"https:\/\/api.w.org\/{rel}","templated":true}]}}